{"id":44,"date":"2025-06-03T12:11:45","date_gmt":"2025-06-03T12:11:45","guid":{"rendered":"https:\/\/merj-dipic.it\/?page_id=44"},"modified":"2025-09-15T14:34:23","modified_gmt":"2025-09-15T14:34:23","slug":"networking-con-altri-enti-e-partnership-per-la-formazione-pratica-e-per-il-tirocinio","status":"publish","type":"page","link":"https:\/\/merj-dipic.it\/index.php\/networking-con-altri-enti-e-partnership-per-la-formazione-pratica-e-per-il-tirocinio\/","title":{"rendered":"Networking con altri enti e partnership per la formazione pratica e per il tirocinio"},"content":{"rendered":"<p>La Riforma Cartabia prevede un percorso di formazione teorico-pratica dei mediatori esperti in giustizia riparativa in ambito penale, da svilupparsi in forma unitaria presso le Universit\u00e0, in collaborazione con i Centri per la giustizia riparativa, istituiti presso gli Enti locali e accreditati dal Ministero della Giustizia.<\/p>\n<p>Il Dipartimento di diritto pubblico, internazionale e comunitario dell\u2019Universit\u00e0 degli Studi di Padova, presso cui \u00e8 istituito il Master MERJ, ha formalizzato pertanto apposita convenzione con il Centro per la giustizia riparativa del Comune di Padova, gestito dalla Cooperativa sociale La Ginestra. Il Centro, a cui compete la gestione delle attivit\u00e0 di formazione pratica e di tirocinio, si avvarr\u00e0 altres\u00ec dei mediatori esperti formatori della Cooperativa Dike di Milano.<\/p>\n","protected":false},"excerpt":{"rendered":"<p>La Riforma Cartabia prevede un percorso di formazione teorico-pratica dei mediatori esperti in giustizia riparativa in ambito penale, da svilupparsi [&hellip;]<\/p>\n","protected":false},"author":1,"featured_media":0,"parent":0,"menu_order":0,"comment_status":"closed","ping_status":"closed","template":"","meta":{"site-sidebar-layout":"default","site-content-layout":"","ast-site-content-layout":"default","site-content-style":"default","site-sidebar-style":"default","ast-global-header-display":"","ast-banner-title-visibility":"","ast-main-header-display":"","ast-hfb-above-header-display":"","ast-hfb-below-header-display":"","ast-hfb-mobile-header-display":"","site-post-title":"","ast-breadcrumbs-content":"","ast-featured-img":"","footer-sml-layout":"","theme-transparent-header-meta":"default","adv-header-id-meta":"","stick-header-meta":"","header-above-stick-meta":"","header-main-stick-meta":"","header-below-stick-meta":"","astra-migrate-meta-layouts":"set","ast-page-background-enabled":"default","ast-page-background-meta":{"desktop":{"background-color":"var(--ast-global-color-5)","background-image":"","background-repeat":"repeat","background-position":"center center","background-size":"auto","background-attachment":"scroll","background-type":"","background-media":"","overlay-type":"","overlay-color":"","overlay-opacity":"","overlay-gradient":""},"tablet":{"background-color":"","background-image":"","background-repeat":"repeat","background-position":"center center","background-size":"auto","background-attachment":"scroll","background-type":"","background-media":"","overlay-type":"","overlay-color":"","overlay-opacity":"","overlay-gradient":""},"mobile":{"background-color":"","background-image":"","background-repeat":"repeat","background-position":"center center","background-size":"auto","background-attachment":"scroll","background-type":"","background-media":"","overlay-type":"","overlay-color":"","overlay-opacity":"","overlay-gradient":""}},"ast-content-background-meta":{"desktop":{"background-color":"var(--ast-global-color-4)","background-image":"","background-repeat":"repeat","background-position":"center center","background-size":"auto","background-attachment":"scroll","background-type":"","background-media":"","overlay-type":"","overlay-color":"","overlay-opacity":"","overlay-gradient":""},"tablet":{"background-color":"var(--ast-global-color-4)","background-image":"","background-repeat":"repeat","background-position":"center center","background-size":"auto","background-attachment":"scroll","background-type":"","background-media":"","overlay-type":"","overlay-color":"","overlay-opacity":"","overlay-gradient":""},"mobile":{"background-color":"var(--ast-global-color-4)","background-image":"","background-repeat":"repeat","background-position":"center center","background-size":"auto","background-attachment":"scroll","background-type":"","background-media":"","overlay-type":"","overlay-color":"","overlay-opacity":"","overlay-gradient":""}},"footnotes":""},"class_list":["post-44","page","type-page","status-publish","hentry"],"_links":{"self":[{"href":"https:\/\/merj-dipic.it\/index.php\/wp-json\/wp\/v2\/pages\/44","targetHints":{"allow":["GET"]}}],"collection":[{"href":"https:\/\/merj-dipic.it\/index.php\/wp-json\/wp\/v2\/pages"}],"about":[{"href":"https:\/\/merj-dipic.it\/index.php\/wp-json\/wp\/v2\/types\/page"}],"author":[{"embeddable":true,"href":"https:\/\/merj-dipic.it\/index.php\/wp-json\/wp\/v2\/users\/1"}],"replies":[{"embeddable":true,"href":"https:\/\/merj-dipic.it\/index.php\/wp-json\/wp\/v2\/comments?post=44"}],"version-history":[{"count":2,"href":"https:\/\/merj-dipic.it\/index.php\/wp-json\/wp\/v2\/pages\/44\/revisions"}],"predecessor-version":[{"id":420,"href":"https:\/\/merj-dipic.it\/index.php\/wp-json\/wp\/v2\/pages\/44\/revisions\/420"}],"wp:attachment":[{"href":"https:\/\/merj-dipic.it\/index.php\/wp-json\/wp\/v2\/media?parent=44"}],"curies":[{"name":"wp","href":"https:\/\/api.w.org\/{rel}","templated":true}]}}